{"id":170,"date":"2025-04-24T17:42:39","date_gmt":"2025-04-24T17:42:39","guid":{"rendered":"https:\/\/bachmann-klauenpflege.ch\/?page_id=170"},"modified":"2025-04-27T13:26:31","modified_gmt":"2025-04-27T13:26:31","slug":"die-funktionelle-klauenpflege","status":"publish","type":"page","link":"https:\/\/bachmann-klauenpflege.ch\/?page_id=170","title":{"rendered":"Die funktionelle Klauenpflege"},"content":{"rendered":"\t\t<div data-elementor-type=\"wp-page\" data-elementor-id=\"170\" class=\"elementor elementor-170\" data-elementor-post-type=\"page\">\n\t\t\t\t<div class=\"elementor-element elementor-element-e38ba50 e-flex e-con-boxed e-con e-parent\" data-id=\"e38ba50\" data-element_type=\"container\" data-e-type=\"container\">\n\t\t\t\t\t<div class=\"e-con-inner\">\n\t\t\t\t<div class=\"elementor-element elementor-element-f35c4bc elementor-widget__width-inherit elementor-widget elementor-widget-image\" data-id=\"f35c4bc\" data-element_type=\"widget\" data-e-type=\"widget\" data-settings=\"{&quot;_animation&quot;:&quot;none&quot;}\" data-widget_type=\"image.default\">\n\t\t\t\t<div class=\"elementor-widget-container\">\n\t\t\t\t\t\t\t\t\t\t\t\t\t\t\t<img fetchpriority=\"high\" decoding=\"async\" width=\"1920\" height=\"877\" src=\"https:\/\/bachmann-klauenpflege.ch\/wp-content\/uploads\/2025\/02\/shutterstock_57935710-1-e1745753329336.jpg\" class=\"attachment-full size-full wp-image-21\" alt=\"\" \/>\t\t\t\t\t\t\t\t\t\t\t\t\t\t\t<\/div>\n\t\t\t\t<\/div>\n\t\t\t\t\t<\/div>\n\t\t\t\t<\/div>\n\t\t<div class=\"elementor-element elementor-element-cc4a9fa e-flex e-con-boxed e-con e-parent\" data-id=\"cc4a9fa\" data-element_type=\"container\" data-e-type=\"container\">\n\t\t\t\t\t<div class=\"e-con-inner\">\n\t\t\t\t<div class=\"elementor-element elementor-element-b4bfda9 elementor-widget elementor-widget-text-editor\" data-id=\"b4bfda9\" data-element_type=\"widget\" data-e-type=\"widget\" data-widget_type=\"text-editor.default\">\n\t\t\t\t<div class=\"elementor-widget-container\">\n\t\t\t\t\t\t\t\t\t<div id=\"cc-m-10866345460\" class=\"j-module n j-text \"><p>Ich biete folgende Dienstleistungen im Zusammenhang mit der funktionellen Klauenpflege an:<\/p><ul><li>Funktionelle und therapeutische Klauenpflege<\/li><li>Klauenkrankheiten erkennen und sofort\u00a0behandeln<\/li><li>Lahmheit<\/li><li>Herdemanagement<\/li><li>Aufstallung<\/li><li>Klauenbad<\/li><\/ul><\/div><div id=\"cc-m-10870906460\" class=\"j-module n j-text \"><p><br \/><a href=\"https:\/\/bachmann-klauenpflege.ch\/?page_id=156\">Kontaktieren<\/a> Sie mich f\u00fcr einen Termin.<\/p><p><strong>F\u00fcr die Klauenpflege habe ich eine spezielle Tierliste vorbereitet, die Sie hier herunterladen k\u00f6nnen:<\/strong><\/p><\/div>\t\t\t\t\t\t\t\t<\/div>\n\t\t\t\t<\/div>\n\t\t\t\t\t<\/div>\n\t\t\t\t<\/div>\n\t\t<div class=\"elementor-element elementor-element-36ced39 e-flex e-con-boxed e-con e-parent\" data-id=\"36ced39\" data-element_type=\"container\" data-e-type=\"container\">\n\t\t\t\t\t<div class=\"e-con-inner\">\n\t\t<div class=\"elementor-element elementor-element-af207af e-con-full e-flex e-con e-child\" data-id=\"af207af\" data-element_type=\"container\" data-e-type=\"container\">\n\t\t\t\t<div class=\"elementor-element elementor-element-b734e5a animated-slow elementor-widget-divider--view-line elementor-invisible elementor-widget elementor-widget-divider\" data-id=\"b734e5a\" data-element_type=\"widget\" data-e-type=\"widget\" data-settings=\"{&quot;_animation&quot;:&quot;fadeIn&quot;,&quot;_animation_delay&quot;:&quot;200&quot;}\" data-widget_type=\"divider.default\">\n\t\t\t\t<div class=\"elementor-widget-container\">\n\t\t\t\t\t\t\t<div class=\"elementor-divider\">\n\t\t\t<span class=\"elementor-divider-separator\">\n\t\t\t\t\t\t<\/span>\n\t\t<\/div>\n\t\t\t\t\t\t<\/div>\n\t\t\t\t<\/div>\n\t\t\t\t<div class=\"elementor-element elementor-element-86659bb elementor-invisible elementor-widget elementor-widget-icon-box\" data-id=\"86659bb\" data-element_type=\"widget\" data-e-type=\"widget\" data-settings=\"{&quot;_animation&quot;:&quot;fadeInUp&quot;}\" data-widget_type=\"icon-box.default\">\n\t\t\t\t<div class=\"elementor-widget-container\">\n\t\t\t\t\t\t\t<div class=\"elementor-icon-box-wrapper\">\n\n\t\t\t\n\t\t\t\t\t\t<div class=\"elementor-icon-box-content\">\n\n\t\t\t\t\t\t\t\t\t<h3 class=\"elementor-icon-box-title\">\n\t\t\t\t\t\t<span  >\n\t\t\t\t\t\t\tTierliste\t\t\t\t\t\t<\/span>\n\t\t\t\t\t<\/h3>\n\t\t\t\t\n\t\t\t\t\n\t\t\t<\/div>\n\t\t\t\n\t\t<\/div>\n\t\t\t\t\t\t<\/div>\n\t\t\t\t<\/div>\n\t\t\t\t<div class=\"elementor-element elementor-element-c16a534 elementor-view-default elementor-widget elementor-widget-icon\" data-id=\"c16a534\" data-element_type=\"widget\" data-e-type=\"widget\" data-widget_type=\"icon.default\">\n\t\t\t\t<div class=\"elementor-widget-container\">\n\t\t\t\t\t\t\t<div class=\"elementor-icon-wrapper\">\n\t\t\t<a class=\"elementor-icon\" href=\"https:\/\/bachmann-klauenpflege.ch\/wp-content\/uploads\/2025\/04\/Tierliste.pdf\" target=\"_blank\" rel=\"nofollow\">\n\t\t\t<svg aria-hidden=\"true\" class=\"e-font-icon-svg e-far-file-pdf\" viewBox=\"0 0 384 512\" xmlns=\"http:\/\/www.w3.org\/2000\/svg\"><path d=\"M369.9 97.9L286 14C277 5 264.8-.1 252.1-.1H48C21.5 0 0 21.5 0 48v416c0 26.5 21.5 48 48 48h288c26.5 0 48-21.5 48-48V131.9c0-12.7-5.1-25-14.1-34zM332.1 128H256V51.9l76.1 76.1zM48 464V48h160v104c0 13.3 10.7 24 24 24h104v288H48zm250.2-143.7c-12.2-12-47-8.7-64.4-6.5-17.2-10.5-28.7-25-36.8-46.3 3.9-16.1 10.1-40.6 5.4-56-4.2-26.2-37.8-23.6-42.6-5.9-4.4 16.1-.4 38.5 7 67.1-10 23.9-24.9 56-35.4 74.4-20 10.3-47 26.2-51 46.2-3.3 15.8 26 55.2 76.1-31.2 22.4-7.4 46.8-16.5 68.4-20.1 18.9 10.2 41 17 55.8 17 25.5 0 28-28.2 17.5-38.7zm-198.1 77.8c5.1-13.7 24.5-29.5 30.4-35-19 30.3-30.4 35.7-30.4 35zm81.6-190.6c7.4 0 6.7 32.1 1.8 40.8-4.4-13.9-4.3-40.8-1.8-40.8zm-24.4 136.6c9.7-16.9 18-37 24.7-54.7 8.3 15.1 18.9 27.2 30.1 35.5-20.8 4.3-38.9 13.1-54.8 19.2zm131.6-5s-5 6-37.3-7.8c35.1-2.6 40.9 5.4 37.3 7.8z\"><\/path><\/svg>\t\t\t<\/a>\n\t\t<\/div>\n\t\t\t\t\t\t<\/div>\n\t\t\t\t<\/div>\n\t\t\t\t<\/div>\n\t\t\t\t\t<\/div>\n\t\t\t\t<\/div>\n\t\t<div class=\"elementor-element elementor-element-cc8dcb8 e-flex e-con-boxed e-con e-parent\" data-id=\"cc8dcb8\" data-element_type=\"container\" data-e-type=\"container\">\n\t\t\t\t\t<div class=\"e-con-inner\">\n\t\t\t\t<div class=\"elementor-element elementor-element-2d59a95 elementor-widget elementor-widget-heading\" data-id=\"2d59a95\" data-element_type=\"widget\" data-e-type=\"widget\" data-widget_type=\"heading.default\">\n\t\t\t\t<div class=\"elementor-widget-container\">\n\t\t\t\t\t<h5 class=\"elementor-heading-title elementor-size-default\">\"Die Klauenpflege ist das A und O f\u00fcr den Erhalt der Gesundheit, einer hohen\n Milch- und Fleischleistung&nbsp;und ist f\u00fcr die Fruchtbarkeit von K\u00fchen\n unabdingbar.\"<\/h5>\t\t\t\t<\/div>\n\t\t\t\t<\/div>\n\t\t\t\t\t<\/div>\n\t\t\t\t<\/div>\n\t\t\t\t<\/div>\n\t\t","protected":false},"excerpt":{"rendered":"<p>Ich biete folgende Dienstleistungen im Zusammenhang mit der funktionellen Klauenpflege an: Funktionelle und therapeutische Klauenpflege Klauenkrankheiten erkennen und sofort\u00a0behandeln Lahmheit Herdemanagement Aufstallung Klauenbad Kontaktieren Sie mich f\u00fcr einen Termin. F\u00fcr die Klauenpflege habe ich eine spezielle Tierliste vorbereitet, die Sie hier herunterladen k\u00f6nnen: Tierliste &#8222;Die Klauenpflege ist das A und O f\u00fcr den Erhalt der [&hellip;]<\/p>\n","protected":false},"author":1,"featured_media":0,"parent":0,"menu_order":0,"comment_status":"closed","ping_status":"closed","template":"","meta":{"footnotes":""},"class_list":["post-170","page","type-page","status-publish","hentry"],"yoast_head":"<!-- This site is optimized with the Yoast SEO plugin v26.1 - https:\/\/yoast.com\/wordpress\/plugins\/seo\/ -->\n<title>Die funktionelle Klauenpflege - Die funktionelle Klauenpflege<\/title>\n<meta name=\"robots\" content=\"index, follow, max-snippet:-1, max-image-preview:large, max-video-preview:-1\" \/>\n<link rel=\"canonical\" href=\"https:\/\/bachmann-klauenpflege.ch\/?page_id=170\" \/>\n<meta property=\"og:locale\" content=\"de_DE\" \/>\n<meta property=\"og:type\" content=\"article\" \/>\n<meta property=\"og:title\" content=\"Die funktionelle Klauenpflege - Die funktionelle Klauenpflege\" \/>\n<meta property=\"og:description\" content=\"Ich biete folgende Dienstleistungen im Zusammenhang mit der funktionellen Klauenpflege an: Funktionelle und therapeutische Klauenpflege Klauenkrankheiten erkennen und sofort\u00a0behandeln Lahmheit Herdemanagement Aufstallung Klauenbad Kontaktieren Sie mich f\u00fcr einen Termin. F\u00fcr die Klauenpflege habe ich eine spezielle Tierliste vorbereitet, die Sie hier herunterladen k\u00f6nnen: Tierliste &#8222;Die Klauenpflege ist das A und O f\u00fcr den Erhalt der [&hellip;]\" \/>\n<meta property=\"og:url\" content=\"https:\/\/bachmann-klauenpflege.ch\/?page_id=170\" \/>\n<meta property=\"og:site_name\" content=\"Die funktionelle Klauenpflege\" \/>\n<meta property=\"article:modified_time\" content=\"2025-04-27T13:26:31+00:00\" \/>\n<meta property=\"og:image\" content=\"https:\/\/bachmann-klauenpflege.ch\/wp-content\/uploads\/2025\/02\/shutterstock_57935710-1-e1745753329336.jpg\" \/>\n\t<meta property=\"og:image:width\" content=\"1920\" \/>\n\t<meta property=\"og:image:height\" content=\"877\" \/>\n\t<meta property=\"og:image:type\" content=\"image\/jpeg\" \/>\n<meta name=\"twitter:card\" content=\"summary_large_image\" \/>\n<meta name=\"twitter:label1\" content=\"Gesch\u00e4tzte Lesezeit\" \/>\n\t<meta name=\"twitter:data1\" content=\"1\u00a0Minute\" \/>\n<script type=\"application\/ld+json\" class=\"yoast-schema-graph\">{\"@context\":\"https:\/\/schema.org\",\"@graph\":[{\"@type\":\"WebPage\",\"@id\":\"https:\/\/bachmann-klauenpflege.ch\/?page_id=170\",\"url\":\"https:\/\/bachmann-klauenpflege.ch\/?page_id=170\",\"name\":\"Die funktionelle Klauenpflege - Die funktionelle Klauenpflege\",\"isPartOf\":{\"@id\":\"https:\/\/bachmann-klauenpflege.ch\/#website\"},\"primaryImageOfPage\":{\"@id\":\"https:\/\/bachmann-klauenpflege.ch\/?page_id=170#primaryimage\"},\"image\":{\"@id\":\"https:\/\/bachmann-klauenpflege.ch\/?page_id=170#primaryimage\"},\"thumbnailUrl\":\"https:\/\/bachmann-klauenpflege.ch\/wp-content\/uploads\/2025\/02\/shutterstock_57935710-1-e1745753329336.jpg\",\"datePublished\":\"2025-04-24T17:42:39+00:00\",\"dateModified\":\"2025-04-27T13:26:31+00:00\",\"breadcrumb\":{\"@id\":\"https:\/\/bachmann-klauenpflege.ch\/?page_id=170#breadcrumb\"},\"inLanguage\":\"de\",\"potentialAction\":[{\"@type\":\"ReadAction\",\"target\":[\"https:\/\/bachmann-klauenpflege.ch\/?page_id=170\"]}]},{\"@type\":\"ImageObject\",\"inLanguage\":\"de\",\"@id\":\"https:\/\/bachmann-klauenpflege.ch\/?page_id=170#primaryimage\",\"url\":\"https:\/\/bachmann-klauenpflege.ch\/wp-content\/uploads\/2025\/02\/shutterstock_57935710-1-e1745753329336.jpg\",\"contentUrl\":\"https:\/\/bachmann-klauenpflege.ch\/wp-content\/uploads\/2025\/02\/shutterstock_57935710-1-e1745753329336.jpg\",\"width\":1920,\"height\":877},{\"@type\":\"BreadcrumbList\",\"@id\":\"https:\/\/bachmann-klauenpflege.ch\/?page_id=170#breadcrumb\",\"itemListElement\":[{\"@type\":\"ListItem\",\"position\":1,\"name\":\"Startseite\",\"item\":\"https:\/\/bachmann-klauenpflege.ch\/\"},{\"@type\":\"ListItem\",\"position\":2,\"name\":\"Die funktionelle Klauenpflege\"}]},{\"@type\":\"WebSite\",\"@id\":\"https:\/\/bachmann-klauenpflege.ch\/#website\",\"url\":\"https:\/\/bachmann-klauenpflege.ch\/\",\"name\":\"Die funktionelle Klauenpflege\",\"description\":\"Moritz Bachmann\",\"publisher\":{\"@id\":\"https:\/\/bachmann-klauenpflege.ch\/#organization\"},\"potentialAction\":[{\"@type\":\"SearchAction\",\"target\":{\"@type\":\"EntryPoint\",\"urlTemplate\":\"https:\/\/bachmann-klauenpflege.ch\/?s={search_term_string}\"},\"query-input\":{\"@type\":\"PropertyValueSpecification\",\"valueRequired\":true,\"valueName\":\"search_term_string\"}}],\"inLanguage\":\"de\"},{\"@type\":\"Organization\",\"@id\":\"https:\/\/bachmann-klauenpflege.ch\/#organization\",\"name\":\"Die funktionelle Klauenpflege\",\"url\":\"https:\/\/bachmann-klauenpflege.ch\/\",\"logo\":{\"@type\":\"ImageObject\",\"inLanguage\":\"de\",\"@id\":\"https:\/\/bachmann-klauenpflege.ch\/#\/schema\/logo\/image\/\",\"url\":\"https:\/\/bachmann-klauenpflege.ch\/wp-content\/uploads\/2024\/12\/Visitenkarte_ohne-Titel_-Farbcode-CD9933-e1740333356342.jpg\",\"contentUrl\":\"https:\/\/bachmann-klauenpflege.ch\/wp-content\/uploads\/2024\/12\/Visitenkarte_ohne-Titel_-Farbcode-CD9933-e1740333356342.jpg\",\"width\":500,\"height\":211,\"caption\":\"Die funktionelle Klauenpflege\"},\"image\":{\"@id\":\"https:\/\/bachmann-klauenpflege.ch\/#\/schema\/logo\/image\/\"}}]}<\/script>\n<!-- \/ Yoast SEO plugin. -->","yoast_head_json":{"title":"Die funktionelle Klauenpflege - Die funktionelle Klauenpflege","robots":{"index":"index","follow":"follow","max-snippet":"max-snippet:-1","max-image-preview":"max-image-preview:large","max-video-preview":"max-video-preview:-1"},"canonical":"https:\/\/bachmann-klauenpflege.ch\/?page_id=170","og_locale":"de_DE","og_type":"article","og_title":"Die funktionelle Klauenpflege - Die funktionelle Klauenpflege","og_description":"Ich biete folgende Dienstleistungen im Zusammenhang mit der funktionellen Klauenpflege an: Funktionelle und therapeutische Klauenpflege Klauenkrankheiten erkennen und sofort\u00a0behandeln Lahmheit Herdemanagement Aufstallung Klauenbad Kontaktieren Sie mich f\u00fcr einen Termin. F\u00fcr die Klauenpflege habe ich eine spezielle Tierliste vorbereitet, die Sie hier herunterladen k\u00f6nnen: Tierliste &#8222;Die Klauenpflege ist das A und O f\u00fcr den Erhalt der [&hellip;]","og_url":"https:\/\/bachmann-klauenpflege.ch\/?page_id=170","og_site_name":"Die funktionelle Klauenpflege","article_modified_time":"2025-04-27T13:26:31+00:00","og_image":[{"width":1920,"height":877,"url":"https:\/\/bachmann-klauenpflege.ch\/wp-content\/uploads\/2025\/02\/shutterstock_57935710-1-e1745753329336.jpg","type":"image\/jpeg"}],"twitter_card":"summary_large_image","twitter_misc":{"Gesch\u00e4tzte Lesezeit":"1\u00a0Minute"},"schema":{"@context":"https:\/\/schema.org","@graph":[{"@type":"WebPage","@id":"https:\/\/bachmann-klauenpflege.ch\/?page_id=170","url":"https:\/\/bachmann-klauenpflege.ch\/?page_id=170","name":"Die funktionelle Klauenpflege - Die funktionelle Klauenpflege","isPartOf":{"@id":"https:\/\/bachmann-klauenpflege.ch\/#website"},"primaryImageOfPage":{"@id":"https:\/\/bachmann-klauenpflege.ch\/?page_id=170#primaryimage"},"image":{"@id":"https:\/\/bachmann-klauenpflege.ch\/?page_id=170#primaryimage"},"thumbnailUrl":"https:\/\/bachmann-klauenpflege.ch\/wp-content\/uploads\/2025\/02\/shutterstock_57935710-1-e1745753329336.jpg","datePublished":"2025-04-24T17:42:39+00:00","dateModified":"2025-04-27T13:26:31+00:00","breadcrumb":{"@id":"https:\/\/bachmann-klauenpflege.ch\/?page_id=170#breadcrumb"},"inLanguage":"de","potentialAction":[{"@type":"ReadAction","target":["https:\/\/bachmann-klauenpflege.ch\/?page_id=170"]}]},{"@type":"ImageObject","inLanguage":"de","@id":"https:\/\/bachmann-klauenpflege.ch\/?page_id=170#primaryimage","url":"https:\/\/bachmann-klauenpflege.ch\/wp-content\/uploads\/2025\/02\/shutterstock_57935710-1-e1745753329336.jpg","contentUrl":"https:\/\/bachmann-klauenpflege.ch\/wp-content\/uploads\/2025\/02\/shutterstock_57935710-1-e1745753329336.jpg","width":1920,"height":877},{"@type":"BreadcrumbList","@id":"https:\/\/bachmann-klauenpflege.ch\/?page_id=170#breadcrumb","itemListElement":[{"@type":"ListItem","position":1,"name":"Startseite","item":"https:\/\/bachmann-klauenpflege.ch\/"},{"@type":"ListItem","position":2,"name":"Die funktionelle Klauenpflege"}]},{"@type":"WebSite","@id":"https:\/\/bachmann-klauenpflege.ch\/#website","url":"https:\/\/bachmann-klauenpflege.ch\/","name":"Die funktionelle Klauenpflege","description":"Moritz Bachmann","publisher":{"@id":"https:\/\/bachmann-klauenpflege.ch\/#organization"},"potentialAction":[{"@type":"SearchAction","target":{"@type":"EntryPoint","urlTemplate":"https:\/\/bachmann-klauenpflege.ch\/?s={search_term_string}"},"query-input":{"@type":"PropertyValueSpecification","valueRequired":true,"valueName":"search_term_string"}}],"inLanguage":"de"},{"@type":"Organization","@id":"https:\/\/bachmann-klauenpflege.ch\/#organization","name":"Die funktionelle Klauenpflege","url":"https:\/\/bachmann-klauenpflege.ch\/","logo":{"@type":"ImageObject","inLanguage":"de","@id":"https:\/\/bachmann-klauenpflege.ch\/#\/schema\/logo\/image\/","url":"https:\/\/bachmann-klauenpflege.ch\/wp-content\/uploads\/2024\/12\/Visitenkarte_ohne-Titel_-Farbcode-CD9933-e1740333356342.jpg","contentUrl":"https:\/\/bachmann-klauenpflege.ch\/wp-content\/uploads\/2024\/12\/Visitenkarte_ohne-Titel_-Farbcode-CD9933-e1740333356342.jpg","width":500,"height":211,"caption":"Die funktionelle Klauenpflege"},"image":{"@id":"https:\/\/bachmann-klauenpflege.ch\/#\/schema\/logo\/image\/"}}]}},"jetpack_sharing_enabled":true,"_links":{"self":[{"href":"https:\/\/bachmann-klauenpflege.ch\/index.php?rest_route=\/wp\/v2\/pages\/170","targetHints":{"allow":["GET"]}}],"collection":[{"href":"https:\/\/bachmann-klauenpflege.ch\/index.php?rest_route=\/wp\/v2\/pages"}],"about":[{"href":"https:\/\/bachmann-klauenpflege.ch\/index.php?rest_route=\/wp\/v2\/types\/page"}],"author":[{"embeddable":true,"href":"https:\/\/bachmann-klauenpflege.ch\/index.php?rest_route=\/wp\/v2\/users\/1"}],"replies":[{"embeddable":true,"href":"https:\/\/bachmann-klauenpflege.ch\/index.php?rest_route=%2Fwp%2Fv2%2Fcomments&post=170"}],"version-history":[{"count":51,"href":"https:\/\/bachmann-klauenpflege.ch\/index.php?rest_route=\/wp\/v2\/pages\/170\/revisions"}],"predecessor-version":[{"id":345,"href":"https:\/\/bachmann-klauenpflege.ch\/index.php?rest_route=\/wp\/v2\/pages\/170\/revisions\/345"}],"wp:attachment":[{"href":"https:\/\/bachmann-klauenpflege.ch\/index.php?rest_route=%2Fwp%2Fv2%2Fmedia&parent=170"}],"curies":[{"name":"wp","href":"https:\/\/api.w.org\/{rel}","templated":true}]}}