{"id":265,"date":"2025-04-24T19:27:27","date_gmt":"2025-04-24T19:27:27","guid":{"rendered":"https:\/\/bachmann-klauenpflege.ch\/?page_id=265"},"modified":"2025-04-27T11:30:34","modified_gmt":"2025-04-27T11:30:34","slug":"referenzen","status":"publish","type":"page","link":"https:\/\/bachmann-klauenpflege.ch\/?page_id=265","title":{"rendered":"Referenzen"},"content":{"rendered":"\t\t<div data-elementor-type=\"wp-page\" data-elementor-id=\"265\" class=\"elementor elementor-265\" data-elementor-post-type=\"page\">\n\t\t\t\t<div class=\"elementor-element elementor-element-0fe5301 e-flex e-con-boxed e-con e-parent\" data-id=\"0fe5301\" data-element_type=\"container\" data-e-type=\"container\">\n\t\t\t\t\t<div class=\"e-con-inner\">\n\t\t\t\t<div class=\"elementor-element elementor-element-85ccf25 elementor-widget__width-inherit elementor-widget elementor-widget-image\" data-id=\"85ccf25\" data-element_type=\"widget\" data-e-type=\"widget\" data-settings=\"{&quot;_animation&quot;:&quot;none&quot;}\" data-widget_type=\"image.default\">\n\t\t\t\t<div class=\"elementor-widget-container\">\n\t\t\t\t\t\t\t\t\t\t\t\t\t\t\t<img fetchpriority=\"high\" decoding=\"async\" width=\"1920\" height=\"877\" src=\"https:\/\/bachmann-klauenpflege.ch\/wp-content\/uploads\/2025\/02\/shutterstock_57935710-1-e1745753329336.jpg\" class=\"attachment-full size-full wp-image-21\" alt=\"\" \/>\t\t\t\t\t\t\t\t\t\t\t\t\t\t\t<\/div>\n\t\t\t\t<\/div>\n\t\t\t\t\t<\/div>\n\t\t\t\t<\/div>\n\t\t<div class=\"elementor-element elementor-element-5f98d74 e-flex e-con-boxed e-con e-parent\" data-id=\"5f98d74\" data-element_type=\"container\" data-e-type=\"container\">\n\t\t\t\t\t<div class=\"e-con-inner\">\n\t\t\t\t<div class=\"elementor-element elementor-element-9e192fc elementor-widget elementor-widget-text-editor\" data-id=\"9e192fc\" data-element_type=\"widget\" data-e-type=\"widget\" data-widget_type=\"text-editor.default\">\n\t\t\t\t<div class=\"elementor-widget-container\">\n\t\t\t\t\t\t\t\t\t<div id=\"cc-m-12001506460\" class=\"j-module n j-text \"><p>Meinen K\u00fchen geht es gut und die Klauen machen keine Probleme. Ich w\u00fcrde Moritz als gewissenhaft, prompt und zuverl\u00e4ssig weiter empfehlen.<\/p><p><em>Amrein Heinz, Egg, Malters<\/em><\/p><\/div>\t\t\t\t\t\t\t\t<\/div>\n\t\t\t\t<\/div>\n\t\t\t\t\t<\/div>\n\t\t\t\t<\/div>\n\t\t\t\t<\/div>\n\t\t","protected":false},"excerpt":{"rendered":"<p>Meinen K\u00fchen geht es gut und die Klauen machen keine Probleme. Ich w\u00fcrde Moritz als gewissenhaft, prompt und zuverl\u00e4ssig weiter empfehlen. Amrein Heinz, Egg, Malters<\/p>\n","protected":false},"author":1,"featured_media":0,"parent":0,"menu_order":0,"comment_status":"closed","ping_status":"closed","template":"","meta":{"footnotes":""},"class_list":["post-265","page","type-page","status-publish","hentry"],"yoast_head":"<!-- This site is optimized with the Yoast SEO plugin v26.1 - https:\/\/yoast.com\/wordpress\/plugins\/seo\/ -->\n<title>Referenzen - Die funktionelle Klauenpflege<\/title>\n<meta name=\"robots\" content=\"index, follow, max-snippet:-1, max-image-preview:large, max-video-preview:-1\" \/>\n<link rel=\"canonical\" href=\"https:\/\/bachmann-klauenpflege.ch\/?page_id=265\" \/>\n<meta property=\"og:locale\" content=\"de_DE\" \/>\n<meta property=\"og:type\" content=\"article\" \/>\n<meta property=\"og:title\" content=\"Referenzen - Die funktionelle Klauenpflege\" \/>\n<meta property=\"og:description\" content=\"Meinen K\u00fchen geht es gut und die Klauen machen keine Probleme. Ich w\u00fcrde Moritz als gewissenhaft, prompt und zuverl\u00e4ssig weiter empfehlen. Amrein Heinz, Egg, Malters\" \/>\n<meta property=\"og:url\" content=\"https:\/\/bachmann-klauenpflege.ch\/?page_id=265\" \/>\n<meta property=\"og:site_name\" content=\"Die funktionelle Klauenpflege\" \/>\n<meta property=\"article:modified_time\" content=\"2025-04-27T11:30:34+00:00\" \/>\n<meta property=\"og:image\" content=\"https:\/\/bachmann-klauenpflege.ch\/wp-content\/uploads\/2025\/02\/shutterstock_57935710-1-e1745753329336.jpg\" \/>\n<meta name=\"twitter:card\" content=\"summary_large_image\" \/>\n<meta name=\"twitter:label1\" content=\"Gesch\u00e4tzte Lesezeit\" \/>\n\t<meta name=\"twitter:data1\" content=\"1\u00a0Minute\" \/>\n<script type=\"application\/ld+json\" class=\"yoast-schema-graph\">{\"@context\":\"https:\/\/schema.org\",\"@graph\":[{\"@type\":\"WebPage\",\"@id\":\"https:\/\/bachmann-klauenpflege.ch\/?page_id=265\",\"url\":\"https:\/\/bachmann-klauenpflege.ch\/?page_id=265\",\"name\":\"Referenzen - Die funktionelle Klauenpflege\",\"isPartOf\":{\"@id\":\"https:\/\/bachmann-klauenpflege.ch\/#website\"},\"primaryImageOfPage\":{\"@id\":\"https:\/\/bachmann-klauenpflege.ch\/?page_id=265#primaryimage\"},\"image\":{\"@id\":\"https:\/\/bachmann-klauenpflege.ch\/?page_id=265#primaryimage\"},\"thumbnailUrl\":\"https:\/\/bachmann-klauenpflege.ch\/wp-content\/uploads\/2025\/02\/shutterstock_57935710-1-e1745753329336.jpg\",\"datePublished\":\"2025-04-24T19:27:27+00:00\",\"dateModified\":\"2025-04-27T11:30:34+00:00\",\"breadcrumb\":{\"@id\":\"https:\/\/bachmann-klauenpflege.ch\/?page_id=265#breadcrumb\"},\"inLanguage\":\"de\",\"potentialAction\":[{\"@type\":\"ReadAction\",\"target\":[\"https:\/\/bachmann-klauenpflege.ch\/?page_id=265\"]}]},{\"@type\":\"ImageObject\",\"inLanguage\":\"de\",\"@id\":\"https:\/\/bachmann-klauenpflege.ch\/?page_id=265#primaryimage\",\"url\":\"https:\/\/bachmann-klauenpflege.ch\/wp-content\/uploads\/2025\/02\/shutterstock_57935710-1-e1745753329336.jpg\",\"contentUrl\":\"https:\/\/bachmann-klauenpflege.ch\/wp-content\/uploads\/2025\/02\/shutterstock_57935710-1-e1745753329336.jpg\",\"width\":1920,\"height\":877},{\"@type\":\"BreadcrumbList\",\"@id\":\"https:\/\/bachmann-klauenpflege.ch\/?page_id=265#breadcrumb\",\"itemListElement\":[{\"@type\":\"ListItem\",\"position\":1,\"name\":\"Startseite\",\"item\":\"https:\/\/bachmann-klauenpflege.ch\/\"},{\"@type\":\"ListItem\",\"position\":2,\"name\":\"Referenzen\"}]},{\"@type\":\"WebSite\",\"@id\":\"https:\/\/bachmann-klauenpflege.ch\/#website\",\"url\":\"https:\/\/bachmann-klauenpflege.ch\/\",\"name\":\"Die funktionelle Klauenpflege\",\"description\":\"Moritz Bachmann\",\"publisher\":{\"@id\":\"https:\/\/bachmann-klauenpflege.ch\/#organization\"},\"potentialAction\":[{\"@type\":\"SearchAction\",\"target\":{\"@type\":\"EntryPoint\",\"urlTemplate\":\"https:\/\/bachmann-klauenpflege.ch\/?s={search_term_string}\"},\"query-input\":{\"@type\":\"PropertyValueSpecification\",\"valueRequired\":true,\"valueName\":\"search_term_string\"}}],\"inLanguage\":\"de\"},{\"@type\":\"Organization\",\"@id\":\"https:\/\/bachmann-klauenpflege.ch\/#organization\",\"name\":\"Die funktionelle Klauenpflege\",\"url\":\"https:\/\/bachmann-klauenpflege.ch\/\",\"logo\":{\"@type\":\"ImageObject\",\"inLanguage\":\"de\",\"@id\":\"https:\/\/bachmann-klauenpflege.ch\/#\/schema\/logo\/image\/\",\"url\":\"https:\/\/bachmann-klauenpflege.ch\/wp-content\/uploads\/2024\/12\/Visitenkarte_ohne-Titel_-Farbcode-CD9933-e1740333356342.jpg\",\"contentUrl\":\"https:\/\/bachmann-klauenpflege.ch\/wp-content\/uploads\/2024\/12\/Visitenkarte_ohne-Titel_-Farbcode-CD9933-e1740333356342.jpg\",\"width\":500,\"height\":211,\"caption\":\"Die funktionelle Klauenpflege\"},\"image\":{\"@id\":\"https:\/\/bachmann-klauenpflege.ch\/#\/schema\/logo\/image\/\"}}]}<\/script>\n<!-- \/ Yoast SEO plugin. -->","yoast_head_json":{"title":"Referenzen - Die funktionelle Klauenpflege","robots":{"index":"index","follow":"follow","max-snippet":"max-snippet:-1","max-image-preview":"max-image-preview:large","max-video-preview":"max-video-preview:-1"},"canonical":"https:\/\/bachmann-klauenpflege.ch\/?page_id=265","og_locale":"de_DE","og_type":"article","og_title":"Referenzen - Die funktionelle Klauenpflege","og_description":"Meinen K\u00fchen geht es gut und die Klauen machen keine Probleme. Ich w\u00fcrde Moritz als gewissenhaft, prompt und zuverl\u00e4ssig weiter empfehlen. Amrein Heinz, Egg, Malters","og_url":"https:\/\/bachmann-klauenpflege.ch\/?page_id=265","og_site_name":"Die funktionelle Klauenpflege","article_modified_time":"2025-04-27T11:30:34+00:00","og_image":[{"url":"https:\/\/bachmann-klauenpflege.ch\/wp-content\/uploads\/2025\/02\/shutterstock_57935710-1-e1745753329336.jpg","type":"","width":"","height":""}],"twitter_card":"summary_large_image","twitter_misc":{"Gesch\u00e4tzte Lesezeit":"1\u00a0Minute"},"schema":{"@context":"https:\/\/schema.org","@graph":[{"@type":"WebPage","@id":"https:\/\/bachmann-klauenpflege.ch\/?page_id=265","url":"https:\/\/bachmann-klauenpflege.ch\/?page_id=265","name":"Referenzen - Die funktionelle Klauenpflege","isPartOf":{"@id":"https:\/\/bachmann-klauenpflege.ch\/#website"},"primaryImageOfPage":{"@id":"https:\/\/bachmann-klauenpflege.ch\/?page_id=265#primaryimage"},"image":{"@id":"https:\/\/bachmann-klauenpflege.ch\/?page_id=265#primaryimage"},"thumbnailUrl":"https:\/\/bachmann-klauenpflege.ch\/wp-content\/uploads\/2025\/02\/shutterstock_57935710-1-e1745753329336.jpg","datePublished":"2025-04-24T19:27:27+00:00","dateModified":"2025-04-27T11:30:34+00:00","breadcrumb":{"@id":"https:\/\/bachmann-klauenpflege.ch\/?page_id=265#breadcrumb"},"inLanguage":"de","potentialAction":[{"@type":"ReadAction","target":["https:\/\/bachmann-klauenpflege.ch\/?page_id=265"]}]},{"@type":"ImageObject","inLanguage":"de","@id":"https:\/\/bachmann-klauenpflege.ch\/?page_id=265#primaryimage","url":"https:\/\/bachmann-klauenpflege.ch\/wp-content\/uploads\/2025\/02\/shutterstock_57935710-1-e1745753329336.jpg","contentUrl":"https:\/\/bachmann-klauenpflege.ch\/wp-content\/uploads\/2025\/02\/shutterstock_57935710-1-e1745753329336.jpg","width":1920,"height":877},{"@type":"BreadcrumbList","@id":"https:\/\/bachmann-klauenpflege.ch\/?page_id=265#breadcrumb","itemListElement":[{"@type":"ListItem","position":1,"name":"Startseite","item":"https:\/\/bachmann-klauenpflege.ch\/"},{"@type":"ListItem","position":2,"name":"Referenzen"}]},{"@type":"WebSite","@id":"https:\/\/bachmann-klauenpflege.ch\/#website","url":"https:\/\/bachmann-klauenpflege.ch\/","name":"Die funktionelle Klauenpflege","description":"Moritz Bachmann","publisher":{"@id":"https:\/\/bachmann-klauenpflege.ch\/#organization"},"potentialAction":[{"@type":"SearchAction","target":{"@type":"EntryPoint","urlTemplate":"https:\/\/bachmann-klauenpflege.ch\/?s={search_term_string}"},"query-input":{"@type":"PropertyValueSpecification","valueRequired":true,"valueName":"search_term_string"}}],"inLanguage":"de"},{"@type":"Organization","@id":"https:\/\/bachmann-klauenpflege.ch\/#organization","name":"Die funktionelle Klauenpflege","url":"https:\/\/bachmann-klauenpflege.ch\/","logo":{"@type":"ImageObject","inLanguage":"de","@id":"https:\/\/bachmann-klauenpflege.ch\/#\/schema\/logo\/image\/","url":"https:\/\/bachmann-klauenpflege.ch\/wp-content\/uploads\/2024\/12\/Visitenkarte_ohne-Titel_-Farbcode-CD9933-e1740333356342.jpg","contentUrl":"https:\/\/bachmann-klauenpflege.ch\/wp-content\/uploads\/2024\/12\/Visitenkarte_ohne-Titel_-Farbcode-CD9933-e1740333356342.jpg","width":500,"height":211,"caption":"Die funktionelle Klauenpflege"},"image":{"@id":"https:\/\/bachmann-klauenpflege.ch\/#\/schema\/logo\/image\/"}}]}},"jetpack_sharing_enabled":true,"_links":{"self":[{"href":"https:\/\/bachmann-klauenpflege.ch\/index.php?rest_route=\/wp\/v2\/pages\/265","targetHints":{"allow":["GET"]}}],"collection":[{"href":"https:\/\/bachmann-klauenpflege.ch\/index.php?rest_route=\/wp\/v2\/pages"}],"about":[{"href":"https:\/\/bachmann-klauenpflege.ch\/index.php?rest_route=\/wp\/v2\/types\/page"}],"author":[{"embeddable":true,"href":"https:\/\/bachmann-klauenpflege.ch\/index.php?rest_route=\/wp\/v2\/users\/1"}],"replies":[{"embeddable":true,"href":"https:\/\/bachmann-klauenpflege.ch\/index.php?rest_route=%2Fwp%2Fv2%2Fcomments&post=265"}],"version-history":[{"count":12,"href":"https:\/\/bachmann-klauenpflege.ch\/index.php?rest_route=\/wp\/v2\/pages\/265\/revisions"}],"predecessor-version":[{"id":314,"href":"https:\/\/bachmann-klauenpflege.ch\/index.php?rest_route=\/wp\/v2\/pages\/265\/revisions\/314"}],"wp:attachment":[{"href":"https:\/\/bachmann-klauenpflege.ch\/index.php?rest_route=%2Fwp%2Fv2%2Fmedia&parent=265"}],"curies":[{"name":"wp","href":"https:\/\/api.w.org\/{rel}","templated":true}]}}