{"id":7,"date":"2025-02-23T16:56:26","date_gmt":"2025-02-23T16:56:26","guid":{"rendered":"https:\/\/bachmann-klauenpflege.ch\/?page_id=7"},"modified":"2025-02-24T21:24:37","modified_gmt":"2025-02-24T21:24:37","slug":"impressum","status":"publish","type":"page","link":"https:\/\/bachmann-klauenpflege.ch\/?page_id=7","title":{"rendered":"Impressum"},"content":{"rendered":"\t\t<div data-elementor-type=\"wp-page\" data-elementor-id=\"7\" class=\"elementor elementor-7\" data-elementor-post-type=\"page\">\n\t\t\t\t<div class=\"elementor-element elementor-element-9d4866d e-flex e-con-boxed e-con e-parent\" data-id=\"9d4866d\" data-element_type=\"container\" data-e-type=\"container\">\n\t\t\t\t\t<div class=\"e-con-inner\">\n\t\t\t\t<div class=\"elementor-element elementor-element-9e1e5a9 elementor-widget elementor-widget-text-editor\" data-id=\"9e1e5a9\" data-element_type=\"widget\" data-e-type=\"widget\" data-widget_type=\"text-editor.default\">\n\t\t\t\t<div class=\"elementor-widget-container\">\n\t\t\t\t\t\t\t\t\t<p><strong>Kontakt-Adresse<\/strong><\/p><p>Die funktionelle Klauenpflege<br \/>Moritz Bachmann<br \/>Weihermatt 12<br \/>6102 Malters<br \/>Schweiz<\/p><p>E-Mail:<br \/>moritzbachmann@bluewin.ch<\/p><p><strong>Vertretungsberechtigte Person(en)<\/strong><\/p><p>Moritz Bachmann, Gesch\u00e4ftsf\u00fchrer<\/p><p><strong>Haftungsausschluss<\/strong><\/p><p>Der Autor \u00fcbernimmt keinerlei Gew\u00e4hr hinsichtlich der inhaltlichen Richtigkeit, Genauigkeit, Aktualit\u00e4t, Zuverl\u00e4ssigkeit und Vollst\u00e4ndigkeit der Informationen.<\/p><p>Haftungsanspr\u00fcche gegen den Autor wegen Sch\u00e4den materieller oder immaterieller Art, welche aus dem Zugriff oder der Nutzung bzw. Nichtnutzung der ver\u00f6ffentlichten Informationen, durch Missbrauch der Verbindung oder durch technische St\u00f6rungen entstanden sind, werden ausgeschlossen.<\/p><p>Alle Angebote sind unverbindlich. Der Autor beh\u00e4lt es sich ausdr\u00fccklich vor, Teile der Seiten oder das gesamte Angebot ohne besondere Ank\u00fcndigung zu ver\u00e4ndern, zu erg\u00e4nzen, zu l\u00f6schen oder die Ver\u00f6ffentlichung zeitweise oder endg\u00fcltig einzustellen.<\/p><p><strong>Haftungsausschluss f\u00fcr Links<\/strong><\/p><p>Verweise und Links auf Webseiten Dritter liegen ausserhalb unseres Verantwortungsbereichs. Es wird jegliche Verantwortung f\u00fcr solche Webseiten abgelehnt. Der Zugriff und die Nutzung solcher Webseiten erfolgen auf eigene Gefahr des jeweiligen Nutzers.<\/p><p><strong>Urheberrechte<\/strong><\/p><p>Die Urheber- und alle anderen Rechte an Inhalten, Bildern, Fotos oder anderen Dateien auf dieser Website, geh\u00f6ren ausschliesslich <strong>Moritz Bachmann<\/strong> oder den speziell genannten Rechteinhabern. F\u00fcr die Reproduktion jeglicher Elemente ist die schriftliche Zustimmung des Urheberrechtstr\u00e4gers im Voraus einzuholen.<\/p><p>Quelle: <a href=\"https:\/\/www.swissanwalt.ch\">SwissAnwalt<\/a><\/p>\t\t\t\t\t\t\t\t<\/div>\n\t\t\t\t<\/div>\n\t\t\t\t\t<\/div>\n\t\t\t\t<\/div>\n\t\t\t\t<\/div>\n\t\t","protected":false},"excerpt":{"rendered":"<p>Kontakt-Adresse Die funktionelle KlauenpflegeMoritz BachmannWeihermatt 126102 MaltersSchweiz E-Mail:moritzbachmann@bluewin.ch Vertretungsberechtigte Person(en) Moritz Bachmann, Gesch\u00e4ftsf\u00fchrer Haftungsausschluss Der Autor \u00fcbernimmt keinerlei Gew\u00e4hr hinsichtlich der inhaltlichen Richtigkeit, Genauigkeit, Aktualit\u00e4t, Zuverl\u00e4ssigkeit und Vollst\u00e4ndigkeit der Informationen. Haftungsanspr\u00fcche gegen den Autor wegen Sch\u00e4den materieller oder immaterieller Art, welche aus dem Zugriff oder der Nutzung bzw. Nichtnutzung der ver\u00f6ffentlichten Informationen, durch Missbrauch der [&hellip;]<\/p>\n","protected":false},"author":1,"featured_media":0,"parent":0,"menu_order":0,"comment_status":"closed","ping_status":"closed","template":"","meta":{"footnotes":""},"class_list":["post-7","page","type-page","status-publish","hentry"],"yoast_head":"<!-- This site is optimized with the Yoast SEO plugin v26.1 - https:\/\/yoast.com\/wordpress\/plugins\/seo\/ -->\n<title>Impressum - Die funktionelle Klauenpflege<\/title>\n<meta name=\"robots\" content=\"index, follow, max-snippet:-1, max-image-preview:large, max-video-preview:-1\" \/>\n<link rel=\"canonical\" href=\"https:\/\/bachmann-klauenpflege.ch\/?page_id=7\" \/>\n<meta property=\"og:locale\" content=\"de_DE\" \/>\n<meta property=\"og:type\" content=\"article\" \/>\n<meta property=\"og:title\" content=\"Impressum - Die funktionelle Klauenpflege\" \/>\n<meta property=\"og:description\" content=\"Kontakt-Adresse Die funktionelle KlauenpflegeMoritz BachmannWeihermatt 126102 MaltersSchweiz E-Mail:moritzbachmann@bluewin.ch Vertretungsberechtigte Person(en) Moritz Bachmann, Gesch\u00e4ftsf\u00fchrer Haftungsausschluss Der Autor \u00fcbernimmt keinerlei Gew\u00e4hr hinsichtlich der inhaltlichen Richtigkeit, Genauigkeit, Aktualit\u00e4t, Zuverl\u00e4ssigkeit und Vollst\u00e4ndigkeit der Informationen. Haftungsanspr\u00fcche gegen den Autor wegen Sch\u00e4den materieller oder immaterieller Art, welche aus dem Zugriff oder der Nutzung bzw. Nichtnutzung der ver\u00f6ffentlichten Informationen, durch Missbrauch der [&hellip;]\" \/>\n<meta property=\"og:url\" content=\"https:\/\/bachmann-klauenpflege.ch\/?page_id=7\" \/>\n<meta property=\"og:site_name\" content=\"Die funktionelle Klauenpflege\" \/>\n<meta property=\"article:modified_time\" content=\"2025-02-24T21:24:37+00:00\" \/>\n<meta name=\"twitter:card\" content=\"summary_large_image\" \/>\n<meta name=\"twitter:label1\" content=\"Gesch\u00e4tzte Lesezeit\" \/>\n\t<meta name=\"twitter:data1\" content=\"2\u00a0Minuten\" \/>\n<script type=\"application\/ld+json\" class=\"yoast-schema-graph\">{\"@context\":\"https:\/\/schema.org\",\"@graph\":[{\"@type\":\"WebPage\",\"@id\":\"https:\/\/bachmann-klauenpflege.ch\/?page_id=7\",\"url\":\"https:\/\/bachmann-klauenpflege.ch\/?page_id=7\",\"name\":\"Impressum - Die funktionelle Klauenpflege\",\"isPartOf\":{\"@id\":\"https:\/\/bachmann-klauenpflege.ch\/#website\"},\"datePublished\":\"2025-02-23T16:56:26+00:00\",\"dateModified\":\"2025-02-24T21:24:37+00:00\",\"breadcrumb\":{\"@id\":\"https:\/\/bachmann-klauenpflege.ch\/?page_id=7#breadcrumb\"},\"inLanguage\":\"de\",\"potentialAction\":[{\"@type\":\"ReadAction\",\"target\":[\"https:\/\/bachmann-klauenpflege.ch\/?page_id=7\"]}]},{\"@type\":\"BreadcrumbList\",\"@id\":\"https:\/\/bachmann-klauenpflege.ch\/?page_id=7#breadcrumb\",\"itemListElement\":[{\"@type\":\"ListItem\",\"position\":1,\"name\":\"Startseite\",\"item\":\"https:\/\/bachmann-klauenpflege.ch\/\"},{\"@type\":\"ListItem\",\"position\":2,\"name\":\"Impressum\"}]},{\"@type\":\"WebSite\",\"@id\":\"https:\/\/bachmann-klauenpflege.ch\/#website\",\"url\":\"https:\/\/bachmann-klauenpflege.ch\/\",\"name\":\"Die funktionelle Klauenpflege\",\"description\":\"Moritz Bachmann\",\"publisher\":{\"@id\":\"https:\/\/bachmann-klauenpflege.ch\/#organization\"},\"potentialAction\":[{\"@type\":\"SearchAction\",\"target\":{\"@type\":\"EntryPoint\",\"urlTemplate\":\"https:\/\/bachmann-klauenpflege.ch\/?s={search_term_string}\"},\"query-input\":{\"@type\":\"PropertyValueSpecification\",\"valueRequired\":true,\"valueName\":\"search_term_string\"}}],\"inLanguage\":\"de\"},{\"@type\":\"Organization\",\"@id\":\"https:\/\/bachmann-klauenpflege.ch\/#organization\",\"name\":\"Die funktionelle Klauenpflege\",\"url\":\"https:\/\/bachmann-klauenpflege.ch\/\",\"logo\":{\"@type\":\"ImageObject\",\"inLanguage\":\"de\",\"@id\":\"https:\/\/bachmann-klauenpflege.ch\/#\/schema\/logo\/image\/\",\"url\":\"https:\/\/bachmann-klauenpflege.ch\/wp-content\/uploads\/2024\/12\/Visitenkarte_ohne-Titel_-Farbcode-CD9933-e1740333356342.jpg\",\"contentUrl\":\"https:\/\/bachmann-klauenpflege.ch\/wp-content\/uploads\/2024\/12\/Visitenkarte_ohne-Titel_-Farbcode-CD9933-e1740333356342.jpg\",\"width\":500,\"height\":211,\"caption\":\"Die funktionelle Klauenpflege\"},\"image\":{\"@id\":\"https:\/\/bachmann-klauenpflege.ch\/#\/schema\/logo\/image\/\"}}]}<\/script>\n<!-- \/ Yoast SEO plugin. -->","yoast_head_json":{"title":"Impressum - Die funktionelle Klauenpflege","robots":{"index":"index","follow":"follow","max-snippet":"max-snippet:-1","max-image-preview":"max-image-preview:large","max-video-preview":"max-video-preview:-1"},"canonical":"https:\/\/bachmann-klauenpflege.ch\/?page_id=7","og_locale":"de_DE","og_type":"article","og_title":"Impressum - Die funktionelle Klauenpflege","og_description":"Kontakt-Adresse Die funktionelle KlauenpflegeMoritz BachmannWeihermatt 126102 MaltersSchweiz E-Mail:moritzbachmann@bluewin.ch Vertretungsberechtigte Person(en) Moritz Bachmann, Gesch\u00e4ftsf\u00fchrer Haftungsausschluss Der Autor \u00fcbernimmt keinerlei Gew\u00e4hr hinsichtlich der inhaltlichen Richtigkeit, Genauigkeit, Aktualit\u00e4t, Zuverl\u00e4ssigkeit und Vollst\u00e4ndigkeit der Informationen. Haftungsanspr\u00fcche gegen den Autor wegen Sch\u00e4den materieller oder immaterieller Art, welche aus dem Zugriff oder der Nutzung bzw. Nichtnutzung der ver\u00f6ffentlichten Informationen, durch Missbrauch der [&hellip;]","og_url":"https:\/\/bachmann-klauenpflege.ch\/?page_id=7","og_site_name":"Die funktionelle Klauenpflege","article_modified_time":"2025-02-24T21:24:37+00:00","twitter_card":"summary_large_image","twitter_misc":{"Gesch\u00e4tzte Lesezeit":"2\u00a0Minuten"},"schema":{"@context":"https:\/\/schema.org","@graph":[{"@type":"WebPage","@id":"https:\/\/bachmann-klauenpflege.ch\/?page_id=7","url":"https:\/\/bachmann-klauenpflege.ch\/?page_id=7","name":"Impressum - Die funktionelle Klauenpflege","isPartOf":{"@id":"https:\/\/bachmann-klauenpflege.ch\/#website"},"datePublished":"2025-02-23T16:56:26+00:00","dateModified":"2025-02-24T21:24:37+00:00","breadcrumb":{"@id":"https:\/\/bachmann-klauenpflege.ch\/?page_id=7#breadcrumb"},"inLanguage":"de","potentialAction":[{"@type":"ReadAction","target":["https:\/\/bachmann-klauenpflege.ch\/?page_id=7"]}]},{"@type":"BreadcrumbList","@id":"https:\/\/bachmann-klauenpflege.ch\/?page_id=7#breadcrumb","itemListElement":[{"@type":"ListItem","position":1,"name":"Startseite","item":"https:\/\/bachmann-klauenpflege.ch\/"},{"@type":"ListItem","position":2,"name":"Impressum"}]},{"@type":"WebSite","@id":"https:\/\/bachmann-klauenpflege.ch\/#website","url":"https:\/\/bachmann-klauenpflege.ch\/","name":"Die funktionelle Klauenpflege","description":"Moritz Bachmann","publisher":{"@id":"https:\/\/bachmann-klauenpflege.ch\/#organization"},"potentialAction":[{"@type":"SearchAction","target":{"@type":"EntryPoint","urlTemplate":"https:\/\/bachmann-klauenpflege.ch\/?s={search_term_string}"},"query-input":{"@type":"PropertyValueSpecification","valueRequired":true,"valueName":"search_term_string"}}],"inLanguage":"de"},{"@type":"Organization","@id":"https:\/\/bachmann-klauenpflege.ch\/#organization","name":"Die funktionelle Klauenpflege","url":"https:\/\/bachmann-klauenpflege.ch\/","logo":{"@type":"ImageObject","inLanguage":"de","@id":"https:\/\/bachmann-klauenpflege.ch\/#\/schema\/logo\/image\/","url":"https:\/\/bachmann-klauenpflege.ch\/wp-content\/uploads\/2024\/12\/Visitenkarte_ohne-Titel_-Farbcode-CD9933-e1740333356342.jpg","contentUrl":"https:\/\/bachmann-klauenpflege.ch\/wp-content\/uploads\/2024\/12\/Visitenkarte_ohne-Titel_-Farbcode-CD9933-e1740333356342.jpg","width":500,"height":211,"caption":"Die funktionelle Klauenpflege"},"image":{"@id":"https:\/\/bachmann-klauenpflege.ch\/#\/schema\/logo\/image\/"}}]}},"jetpack_sharing_enabled":true,"_links":{"self":[{"href":"https:\/\/bachmann-klauenpflege.ch\/index.php?rest_route=\/wp\/v2\/pages\/7","targetHints":{"allow":["GET"]}}],"collection":[{"href":"https:\/\/bachmann-klauenpflege.ch\/index.php?rest_route=\/wp\/v2\/pages"}],"about":[{"href":"https:\/\/bachmann-klauenpflege.ch\/index.php?rest_route=\/wp\/v2\/types\/page"}],"author":[{"embeddable":true,"href":"https:\/\/bachmann-klauenpflege.ch\/index.php?rest_route=\/wp\/v2\/users\/1"}],"replies":[{"embeddable":true,"href":"https:\/\/bachmann-klauenpflege.ch\/index.php?rest_route=%2Fwp%2Fv2%2Fcomments&post=7"}],"version-history":[{"count":3,"href":"https:\/\/bachmann-klauenpflege.ch\/index.php?rest_route=\/wp\/v2\/pages\/7\/revisions"}],"predecessor-version":[{"id":78,"href":"https:\/\/bachmann-klauenpflege.ch\/index.php?rest_route=\/wp\/v2\/pages\/7\/revisions\/78"}],"wp:attachment":[{"href":"https:\/\/bachmann-klauenpflege.ch\/index.php?rest_route=%2Fwp%2Fv2%2Fmedia&parent=7"}],"curies":[{"name":"wp","href":"https:\/\/api.w.org\/{rel}","templated":true}]}}