{"id":89,"date":"2025-04-24T16:47:27","date_gmt":"2025-04-24T16:47:27","guid":{"rendered":"https:\/\/bachmann-klauenpflege.ch\/?page_id=89"},"modified":"2025-04-24T19:15:57","modified_gmt":"2025-04-24T19:15:57","slug":"ueber-mich","status":"publish","type":"page","link":"https:\/\/bachmann-klauenpflege.ch\/?page_id=89","title":{"rendered":"\u00dcber mich"},"content":{"rendered":"\t\t<div data-elementor-type=\"wp-page\" data-elementor-id=\"89\" class=\"elementor elementor-89\" data-elementor-post-type=\"page\">\n\t\t\t\t<div class=\"elementor-element elementor-element-053a2f8 e-flex e-con-boxed e-con e-parent\" data-id=\"053a2f8\" data-element_type=\"container\" data-e-type=\"container\">\n\t\t\t\t\t<div class=\"e-con-inner\">\n\t\t\t\t\t<\/div>\n\t\t\t\t<\/div>\n\t\t<div class=\"elementor-element elementor-element-71def20 e-flex e-con-boxed e-con e-parent\" data-id=\"71def20\" data-element_type=\"container\" data-e-type=\"container\">\n\t\t\t\t\t<div class=\"e-con-inner\">\n\t\t<div class=\"elementor-element elementor-element-9401a79 e-con-full e-flex e-con e-child\" data-id=\"9401a79\" data-element_type=\"container\" data-e-type=\"container\">\n\t\t\t\t<div class=\"elementor-element elementor-element-a19c6bb elementor-widget elementor-widget-spacer\" data-id=\"a19c6bb\" data-element_type=\"widget\" data-e-type=\"widget\" data-widget_type=\"spacer.default\">\n\t\t\t\t<div class=\"elementor-widget-container\">\n\t\t\t\t\t\t\t<div class=\"elementor-spacer\">\n\t\t\t<div class=\"elementor-spacer-inner\"><\/div>\n\t\t<\/div>\n\t\t\t\t\t\t<\/div>\n\t\t\t\t<\/div>\n\t\t\t\t<div class=\"elementor-element elementor-element-542d026 elementor-widget elementor-widget-heading\" data-id=\"542d026\" data-element_type=\"widget\" data-e-type=\"widget\" data-widget_type=\"heading.default\">\n\t\t\t\t<div class=\"elementor-widget-container\">\n\t\t\t\t\t<h2 class=\"elementor-heading-title elementor-size-default\">Moritz Bachmann<\/h2>\t\t\t\t<\/div>\n\t\t\t\t<\/div>\n\t\t\t\t<div class=\"elementor-element elementor-element-ee4f143 elementor-widget elementor-widget-heading\" data-id=\"ee4f143\" data-element_type=\"widget\" data-e-type=\"widget\" data-widget_type=\"heading.default\">\n\t\t\t\t<div class=\"elementor-widget-container\">\n\t\t\t\t\t<h3 class=\"elementor-heading-title elementor-size-default\">Die funktionelle Klauenpflege<\/h3>\t\t\t\t<\/div>\n\t\t\t\t<\/div>\n\t\t\t\t<div class=\"elementor-element elementor-element-c14a7a0 elementor-widget elementor-widget-spacer\" data-id=\"c14a7a0\" data-element_type=\"widget\" data-e-type=\"widget\" data-widget_type=\"spacer.default\">\n\t\t\t\t<div class=\"elementor-widget-container\">\n\t\t\t\t\t\t\t<div class=\"elementor-spacer\">\n\t\t\t<div class=\"elementor-spacer-inner\"><\/div>\n\t\t<\/div>\n\t\t\t\t\t\t<\/div>\n\t\t\t\t<\/div>\n\t\t\t\t<\/div>\n\t\t\t\t<div class=\"elementor-element elementor-element-e648af5 elementor-widget elementor-widget-image\" data-id=\"e648af5\" data-element_type=\"widget\" data-e-type=\"widget\" data-widget_type=\"image.default\">\n\t\t\t\t<div class=\"elementor-widget-container\">\n\t\t\t\t\t\t\t\t\t\t\t\t<figure class=\"wp-caption\">\n\t\t\t\t\t\t\t\t\t\t<img fetchpriority=\"high\" decoding=\"async\" width=\"637\" height=\"746\" src=\"https:\/\/bachmann-klauenpflege.ch\/wp-content\/uploads\/2025\/02\/Moritz-Bachmann-e1740671948142.jpg\" class=\"attachment-medium_large size-medium_large wp-image-18\" alt=\"\" srcset=\"https:\/\/bachmann-klauenpflege.ch\/wp-content\/uploads\/2025\/02\/Moritz-Bachmann-e1740671948142.jpg 637w, https:\/\/bachmann-klauenpflege.ch\/wp-content\/uploads\/2025\/02\/Moritz-Bachmann-e1740671948142-256x300.jpg 256w\" sizes=\"(max-width: 637px) 100vw, 637px\" \/>\t\t\t\t\t\t\t\t\t\t\t<figcaption class=\"widget-image-caption wp-caption-text\"><\/figcaption>\n\t\t\t\t\t\t\t\t\t\t<\/figure>\n\t\t\t\t\t\t\t\t\t<\/div>\n\t\t\t\t<\/div>\n\t\t\t\t\t<\/div>\n\t\t\t\t<\/div>\n\t\t<div class=\"elementor-element elementor-element-4bfca05 e-flex e-con-boxed e-con e-parent\" data-id=\"4bfca05\" data-element_type=\"container\" data-e-type=\"container\">\n\t\t\t\t\t<div class=\"e-con-inner\">\n\t\t\t\t<div class=\"elementor-element elementor-element-2238363 elementor-widget elementor-widget-text-editor\" data-id=\"2238363\" data-element_type=\"widget\" data-e-type=\"widget\" data-widget_type=\"text-editor.default\">\n\t\t\t\t<div class=\"elementor-widget-container\">\n\t\t\t\t\t\t\t\t\t<p>W\u00e4hrend 30 Jahren besorgte ich die Klauenpflege meiner K\u00fche selber. Da ich nun den Landwirtschaftsbetrieb in Malters seit 2 Jahren an meinen Sohn Dominik weitergegeben habe, ging ich teilweise einer Nebenbesch\u00e4ftigung nach.<\/p><p>Ich hatte das Gl\u00fcck bei Fredy Habermacher als Unterhaltg\u00e4rtner mit zu helfen. Ich konnte viel lernen und Fredy konnte von meinen Allroundert\u00e4tigkeiten profitieren.<\/p><p>Im Sommer 2016 entschloss ich mich als Klauenpfleger ausbilden zu lassen, denn f\u00fcr Fremdbetriebe ist es unabdingbar Ausbildungsunterlagen vorzuweisen. Ich besuchte vom 10. bis 14. Oktober 2016 den 5 t\u00e4gigen Einf\u00fchrungskurs Modul LW 10 Klauenpflege beim Rind, der im Rahmen der Berufspr\u00fcfung im Berufsfeld Landwirtschaft angeboten wurde, am LBBZ Schluechthof in Cham. Es waren f\u00fcr mich sehr wertvolle Tage, denn die Klauenpflege wie ich sie vor 35 Jahren an der Landwirtschaftsschule erlernt habe ist nicht mehr Zeitgem\u00e4ss. Die Neuheiten konnte ich mir sehr gut aneignen denn sie basieren auf einer pr\u00e4zisen Logik.<\/p><p>Am 2. und 5.-7. Dezember besuchte ich noch der Klauenpflegerkurs B\u00fcrgi am LBBZ Schluechthof. Karl B\u00fcrgi ist ausgewanderter Schweizer und wohnt in der USA. Er selbst schneidet ca. 5000 K\u00fchen ihre Klauen und gibt weltweit in 17 L\u00e4ndern Kurse f\u00fcr die Funktionelle Klauenpflege. Dieser Kurs beeindruckte mich sehr stark, auch hatten wir das Gl\u00fcck bei einzelnen Tieren sehr verschiedenen Klauenleiden zu beheben. Dies gab uns allen Teilnehmern viel Fachlichkeit und R\u00fcckhalt in unserer zuk\u00fcnftigen Arbeit als Klauenpfleger aber auch die Diskussionen \u00fcber Kl\u00f6tze und Verb\u00e4nde montieren waren sehr Lehrreich und Praxisbezogen.<\/p><p>Nun bin ich Bereit, und mit viel Freude, m\u00f6chte ich mich als Klauenpfleger f\u00fcr ganze Best\u00e4nde oder auch f\u00fcr Einzeltiere die schwierige Klauenverletzungen haben, empfehlen.<\/p><p>F\u00fcr meine Arbeit verf\u00fcge ich \u00fcber einen Topmodernen B\u00fcrgi Klauenpflegestand. Dieser wurde von Karl B\u00fcrgi in der USA entwickelt und gebaut und ich konnte ihn \u00fcber den B\u00fcrgi Hof im z\u00fcrcherischen Herrliberg (Bruder von Karl B\u00fcrgi, Herbert B\u00fcrgi) erwerben.<\/p>\t\t\t\t\t\t\t\t<\/div>\n\t\t\t\t<\/div>\n\t\t\t\t\t<\/div>\n\t\t\t\t<\/div>\n\t\t<div class=\"elementor-element elementor-element-6f3500e e-flex e-con-boxed e-con e-parent\" data-id=\"6f3500e\" data-element_type=\"container\" data-e-type=\"container\">\n\t\t\t\t\t<div class=\"e-con-inner\">\n\t\t<div class=\"elementor-element elementor-element-ddb36e4 e-con-full e-flex e-con e-child\" data-id=\"ddb36e4\" data-element_type=\"container\" data-e-type=\"container\">\n\t\t\t\t<div class=\"elementor-element elementor-element-535c4bc5 animated-slow elementor-widget-divider--view-line elementor-invisible elementor-widget elementor-widget-divider\" data-id=\"535c4bc5\" data-element_type=\"widget\" data-e-type=\"widget\" data-settings=\"{&quot;_animation&quot;:&quot;fadeIn&quot;,&quot;_animation_delay&quot;:&quot;200&quot;}\" data-widget_type=\"divider.default\">\n\t\t\t\t<div class=\"elementor-widget-container\">\n\t\t\t\t\t\t\t<div class=\"elementor-divider\">\n\t\t\t<span class=\"elementor-divider-separator\">\n\t\t\t\t\t\t<\/span>\n\t\t<\/div>\n\t\t\t\t\t\t<\/div>\n\t\t\t\t<\/div>\n\t\t\t\t<div class=\"elementor-element elementor-element-26bda1a elementor-invisible elementor-widget elementor-widget-icon-box\" data-id=\"26bda1a\" data-element_type=\"widget\" data-e-type=\"widget\" data-settings=\"{&quot;_animation&quot;:&quot;fadeInUp&quot;}\" data-widget_type=\"icon-box.default\">\n\t\t\t\t<div class=\"elementor-widget-container\">\n\t\t\t\t\t\t\t<div class=\"elementor-icon-box-wrapper\">\n\n\t\t\t\n\t\t\t\t\t\t<div class=\"elementor-icon-box-content\">\n\n\t\t\t\t\t\t\t\t\t<h3 class=\"elementor-icon-box-title\">\n\t\t\t\t\t\t<span  >\n\t\t\t\t\t\t\tGrundkurs\t\t\t\t\t\t<\/span>\n\t\t\t\t\t<\/h3>\n\t\t\t\t\n\t\t\t\t\n\t\t\t<\/div>\n\t\t\t\n\t\t<\/div>\n\t\t\t\t\t\t<\/div>\n\t\t\t\t<\/div>\n\t\t\t\t<div class=\"elementor-element elementor-element-b816537 elementor-view-default elementor-widget elementor-widget-icon\" data-id=\"b816537\" data-element_type=\"widget\" data-e-type=\"widget\" data-widget_type=\"icon.default\">\n\t\t\t\t<div class=\"elementor-widget-container\">\n\t\t\t\t\t\t\t<div class=\"elementor-icon-wrapper\">\n\t\t\t<a class=\"elementor-icon\" href=\"https:\/\/bachmann-klauenpflege.ch\/wp-content\/uploads\/2025\/02\/Zertifikat-Grundkurs.pdf\" target=\"_blank\" rel=\"nofollow\">\n\t\t\t<svg aria-hidden=\"true\" class=\"e-font-icon-svg e-far-file-pdf\" viewBox=\"0 0 384 512\" xmlns=\"http:\/\/www.w3.org\/2000\/svg\"><path d=\"M369.9 97.9L286 14C277 5 264.8-.1 252.1-.1H48C21.5 0 0 21.5 0 48v416c0 26.5 21.5 48 48 48h288c26.5 0 48-21.5 48-48V131.9c0-12.7-5.1-25-14.1-34zM332.1 128H256V51.9l76.1 76.1zM48 464V48h160v104c0 13.3 10.7 24 24 24h104v288H48zm250.2-143.7c-12.2-12-47-8.7-64.4-6.5-17.2-10.5-28.7-25-36.8-46.3 3.9-16.1 10.1-40.6 5.4-56-4.2-26.2-37.8-23.6-42.6-5.9-4.4 16.1-.4 38.5 7 67.1-10 23.9-24.9 56-35.4 74.4-20 10.3-47 26.2-51 46.2-3.3 15.8 26 55.2 76.1-31.2 22.4-7.4 46.8-16.5 68.4-20.1 18.9 10.2 41 17 55.8 17 25.5 0 28-28.2 17.5-38.7zm-198.1 77.8c5.1-13.7 24.5-29.5 30.4-35-19 30.3-30.4 35.7-30.4 35zm81.6-190.6c7.4 0 6.7 32.1 1.8 40.8-4.4-13.9-4.3-40.8-1.8-40.8zm-24.4 136.6c9.7-16.9 18-37 24.7-54.7 8.3 15.1 18.9 27.2 30.1 35.5-20.8 4.3-38.9 13.1-54.8 19.2zm131.6-5s-5 6-37.3-7.8c35.1-2.6 40.9 5.4 37.3 7.8z\"><\/path><\/svg>\t\t\t<\/a>\n\t\t<\/div>\n\t\t\t\t\t\t<\/div>\n\t\t\t\t<\/div>\n\t\t\t\t<\/div>\n\t\t<div class=\"elementor-element elementor-element-2c906a1 e-con-full e-flex e-con e-child\" data-id=\"2c906a1\" data-element_type=\"container\" data-e-type=\"container\">\n\t\t\t\t<div class=\"elementor-element elementor-element-983289b animated-slow elementor-widget-divider--view-line elementor-invisible elementor-widget elementor-widget-divider\" data-id=\"983289b\" data-element_type=\"widget\" data-e-type=\"widget\" data-settings=\"{&quot;_animation&quot;:&quot;fadeIn&quot;,&quot;_animation_delay&quot;:&quot;200&quot;}\" data-widget_type=\"divider.default\">\n\t\t\t\t<div class=\"elementor-widget-container\">\n\t\t\t\t\t\t\t<div class=\"elementor-divider\">\n\t\t\t<span class=\"elementor-divider-separator\">\n\t\t\t\t\t\t<\/span>\n\t\t<\/div>\n\t\t\t\t\t\t<\/div>\n\t\t\t\t<\/div>\n\t\t\t\t<div class=\"elementor-element elementor-element-51de8bdb elementor-invisible elementor-widget elementor-widget-icon-box\" data-id=\"51de8bdb\" data-element_type=\"widget\" data-e-type=\"widget\" data-settings=\"{&quot;_animation&quot;:&quot;fadeInUp&quot;,&quot;_animation_delay&quot;:&quot;200&quot;}\" data-widget_type=\"icon-box.default\">\n\t\t\t\t<div class=\"elementor-widget-container\">\n\t\t\t\t\t\t\t<div class=\"elementor-icon-box-wrapper\">\n\n\t\t\t\n\t\t\t\t\t\t<div class=\"elementor-icon-box-content\">\n\n\t\t\t\t\t\t\t\t\t<h3 class=\"elementor-icon-box-title\">\n\t\t\t\t\t\t<span  >\n\t\t\t\t\t\t\tB\u00fcrgikurs\t\t\t\t\t\t<\/span>\n\t\t\t\t\t<\/h3>\n\t\t\t\t\n\t\t\t\t\n\t\t\t<\/div>\n\t\t\t\n\t\t<\/div>\n\t\t\t\t\t\t<\/div>\n\t\t\t\t<\/div>\n\t\t\t\t<div class=\"elementor-element elementor-element-8b1e423 elementor-view-default elementor-widget elementor-widget-icon\" data-id=\"8b1e423\" data-element_type=\"widget\" data-e-type=\"widget\" data-widget_type=\"icon.default\">\n\t\t\t\t<div class=\"elementor-widget-container\">\n\t\t\t\t\t\t\t<div class=\"elementor-icon-wrapper\">\n\t\t\t<a class=\"elementor-icon\" href=\"https:\/\/bachmann-klauenpflege.ch\/wp-content\/uploads\/2025\/02\/Zertifikat-Buergikurs.pdf\" target=\"_blank\" rel=\"nofollow\">\n\t\t\t<svg aria-hidden=\"true\" class=\"e-font-icon-svg e-far-file-pdf\" viewBox=\"0 0 384 512\" xmlns=\"http:\/\/www.w3.org\/2000\/svg\"><path d=\"M369.9 97.9L286 14C277 5 264.8-.1 252.1-.1H48C21.5 0 0 21.5 0 48v416c0 26.5 21.5 48 48 48h288c26.5 0 48-21.5 48-48V131.9c0-12.7-5.1-25-14.1-34zM332.1 128H256V51.9l76.1 76.1zM48 464V48h160v104c0 13.3 10.7 24 24 24h104v288H48zm250.2-143.7c-12.2-12-47-8.7-64.4-6.5-17.2-10.5-28.7-25-36.8-46.3 3.9-16.1 10.1-40.6 5.4-56-4.2-26.2-37.8-23.6-42.6-5.9-4.4 16.1-.4 38.5 7 67.1-10 23.9-24.9 56-35.4 74.4-20 10.3-47 26.2-51 46.2-3.3 15.8 26 55.2 76.1-31.2 22.4-7.4 46.8-16.5 68.4-20.1 18.9 10.2 41 17 55.8 17 25.5 0 28-28.2 17.5-38.7zm-198.1 77.8c5.1-13.7 24.5-29.5 30.4-35-19 30.3-30.4 35.7-30.4 35zm81.6-190.6c7.4 0 6.7 32.1 1.8 40.8-4.4-13.9-4.3-40.8-1.8-40.8zm-24.4 136.6c9.7-16.9 18-37 24.7-54.7 8.3 15.1 18.9 27.2 30.1 35.5-20.8 4.3-38.9 13.1-54.8 19.2zm131.6-5s-5 6-37.3-7.8c35.1-2.6 40.9 5.4 37.3 7.8z\"><\/path><\/svg>\t\t\t<\/a>\n\t\t<\/div>\n\t\t\t\t\t\t<\/div>\n\t\t\t\t<\/div>\n\t\t\t\t<\/div>\n\t\t<div class=\"elementor-element elementor-element-ffe293a e-con-full e-flex e-con e-child\" data-id=\"ffe293a\" data-element_type=\"container\" data-e-type=\"container\">\n\t\t\t\t<div class=\"elementor-element elementor-element-1c0781d animated-slow elementor-widget-divider--view-line elementor-invisible elementor-widget elementor-widget-divider\" data-id=\"1c0781d\" data-element_type=\"widget\" data-e-type=\"widget\" data-settings=\"{&quot;_animation&quot;:&quot;fadeIn&quot;,&quot;_animation_delay&quot;:&quot;200&quot;}\" data-widget_type=\"divider.default\">\n\t\t\t\t<div class=\"elementor-widget-container\">\n\t\t\t\t\t\t\t<div class=\"elementor-divider\">\n\t\t\t<span class=\"elementor-divider-separator\">\n\t\t\t\t\t\t<\/span>\n\t\t<\/div>\n\t\t\t\t\t\t<\/div>\n\t\t\t\t<\/div>\n\t\t\t\t<div class=\"elementor-element elementor-element-3fd5aba7 elementor-invisible elementor-widget elementor-widget-icon-box\" data-id=\"3fd5aba7\" data-element_type=\"widget\" data-e-type=\"widget\" data-settings=\"{&quot;_animation&quot;:&quot;fadeInUp&quot;,&quot;_animation_delay&quot;:&quot;400&quot;}\" data-widget_type=\"icon-box.default\">\n\t\t\t\t<div class=\"elementor-widget-container\">\n\t\t\t\t\t\t\t<div class=\"elementor-icon-box-wrapper\">\n\n\t\t\t\n\t\t\t\t\t\t<div class=\"elementor-icon-box-content\">\n\n\t\t\t\t\t\t\t\t\t<h3 class=\"elementor-icon-box-title\">\n\t\t\t\t\t\t<span  >\n\t\t\t\t\t\t\tKlauenpflege - Update\t\t\t\t\t\t<\/span>\n\t\t\t\t\t<\/h3>\n\t\t\t\t\n\t\t\t\t\n\t\t\t<\/div>\n\t\t\t\n\t\t<\/div>\n\t\t\t\t\t\t<\/div>\n\t\t\t\t<\/div>\n\t\t\t\t<div class=\"elementor-element elementor-element-f2eea2f elementor-view-default elementor-widget elementor-widget-icon\" data-id=\"f2eea2f\" data-element_type=\"widget\" data-e-type=\"widget\" data-widget_type=\"icon.default\">\n\t\t\t\t<div class=\"elementor-widget-container\">\n\t\t\t\t\t\t\t<div class=\"elementor-icon-wrapper\">\n\t\t\t<a class=\"elementor-icon\" href=\"https:\/\/bachmann-klauenpflege.ch\/wp-content\/uploads\/2025\/02\/Kurszertifikat-Klauenpflege-Update.jpg\" target=\"_blank\" rel=\"nofollow\">\n\t\t\t<svg aria-hidden=\"true\" class=\"e-font-icon-svg e-far-file-pdf\" viewBox=\"0 0 384 512\" xmlns=\"http:\/\/www.w3.org\/2000\/svg\"><path d=\"M369.9 97.9L286 14C277 5 264.8-.1 252.1-.1H48C21.5 0 0 21.5 0 48v416c0 26.5 21.5 48 48 48h288c26.5 0 48-21.5 48-48V131.9c0-12.7-5.1-25-14.1-34zM332.1 128H256V51.9l76.1 76.1zM48 464V48h160v104c0 13.3 10.7 24 24 24h104v288H48zm250.2-143.7c-12.2-12-47-8.7-64.4-6.5-17.2-10.5-28.7-25-36.8-46.3 3.9-16.1 10.1-40.6 5.4-56-4.2-26.2-37.8-23.6-42.6-5.9-4.4 16.1-.4 38.5 7 67.1-10 23.9-24.9 56-35.4 74.4-20 10.3-47 26.2-51 46.2-3.3 15.8 26 55.2 76.1-31.2 22.4-7.4 46.8-16.5 68.4-20.1 18.9 10.2 41 17 55.8 17 25.5 0 28-28.2 17.5-38.7zm-198.1 77.8c5.1-13.7 24.5-29.5 30.4-35-19 30.3-30.4 35.7-30.4 35zm81.6-190.6c7.4 0 6.7 32.1 1.8 40.8-4.4-13.9-4.3-40.8-1.8-40.8zm-24.4 136.6c9.7-16.9 18-37 24.7-54.7 8.3 15.1 18.9 27.2 30.1 35.5-20.8 4.3-38.9 13.1-54.8 19.2zm131.6-5s-5 6-37.3-7.8c35.1-2.6 40.9 5.4 37.3 7.8z\"><\/path><\/svg>\t\t\t<\/a>\n\t\t<\/div>\n\t\t\t\t\t\t<\/div>\n\t\t\t\t<\/div>\n\t\t\t\t<\/div>\n\t\t\t\t\t<\/div>\n\t\t\t\t<\/div>\n\t\t\t\t<\/div>\n\t\t","protected":false},"excerpt":{"rendered":"<p>Moritz Bachmann Die funktionelle Klauenpflege W\u00e4hrend 30 Jahren besorgte ich die Klauenpflege meiner K\u00fche selber. Da ich nun den Landwirtschaftsbetrieb in Malters seit 2 Jahren an meinen Sohn Dominik weitergegeben habe, ging ich teilweise einer Nebenbesch\u00e4ftigung nach. Ich hatte das Gl\u00fcck bei Fredy Habermacher als Unterhaltg\u00e4rtner mit zu helfen. Ich konnte viel lernen und Fredy [&hellip;]<\/p>\n","protected":false},"author":1,"featured_media":0,"parent":0,"menu_order":0,"comment_status":"closed","ping_status":"closed","template":"","meta":{"footnotes":""},"class_list":["post-89","page","type-page","status-publish","hentry"],"yoast_head":"<!-- This site is optimized with the Yoast SEO plugin v26.1 - https:\/\/yoast.com\/wordpress\/plugins\/seo\/ -->\n<title>\u00dcber mich - Die funktionelle Klauenpflege<\/title>\n<meta name=\"robots\" content=\"index, follow, max-snippet:-1, max-image-preview:large, max-video-preview:-1\" \/>\n<link rel=\"canonical\" href=\"https:\/\/bachmann-klauenpflege.ch\/?page_id=89\" \/>\n<meta property=\"og:locale\" content=\"de_DE\" \/>\n<meta property=\"og:type\" content=\"article\" \/>\n<meta property=\"og:title\" content=\"\u00dcber mich - Die funktionelle Klauenpflege\" \/>\n<meta property=\"og:description\" content=\"Moritz Bachmann Die funktionelle Klauenpflege W\u00e4hrend 30 Jahren besorgte ich die Klauenpflege meiner K\u00fche selber. Da ich nun den Landwirtschaftsbetrieb in Malters seit 2 Jahren an meinen Sohn Dominik weitergegeben habe, ging ich teilweise einer Nebenbesch\u00e4ftigung nach. Ich hatte das Gl\u00fcck bei Fredy Habermacher als Unterhaltg\u00e4rtner mit zu helfen. Ich konnte viel lernen und Fredy [&hellip;]\" \/>\n<meta property=\"og:url\" content=\"https:\/\/bachmann-klauenpflege.ch\/?page_id=89\" \/>\n<meta property=\"og:site_name\" content=\"Die funktionelle Klauenpflege\" \/>\n<meta property=\"article:modified_time\" content=\"2025-04-24T19:15:57+00:00\" \/>\n<meta property=\"og:image\" content=\"https:\/\/bachmann-klauenpflege.ch\/wp-content\/uploads\/2025\/02\/Moritz-Bachmann-e1740671948142.jpg\" \/>\n\t<meta property=\"og:image:width\" content=\"637\" \/>\n\t<meta property=\"og:image:height\" content=\"746\" \/>\n\t<meta property=\"og:image:type\" content=\"image\/jpeg\" \/>\n<meta name=\"twitter:card\" content=\"summary_large_image\" \/>\n<meta name=\"twitter:label1\" content=\"Gesch\u00e4tzte Lesezeit\" \/>\n\t<meta name=\"twitter:data1\" content=\"2\u00a0Minuten\" \/>\n<script type=\"application\/ld+json\" class=\"yoast-schema-graph\">{\"@context\":\"https:\/\/schema.org\",\"@graph\":[{\"@type\":\"WebPage\",\"@id\":\"https:\/\/bachmann-klauenpflege.ch\/?page_id=89\",\"url\":\"https:\/\/bachmann-klauenpflege.ch\/?page_id=89\",\"name\":\"\u00dcber mich - Die funktionelle Klauenpflege\",\"isPartOf\":{\"@id\":\"https:\/\/bachmann-klauenpflege.ch\/#website\"},\"primaryImageOfPage\":{\"@id\":\"https:\/\/bachmann-klauenpflege.ch\/?page_id=89#primaryimage\"},\"image\":{\"@id\":\"https:\/\/bachmann-klauenpflege.ch\/?page_id=89#primaryimage\"},\"thumbnailUrl\":\"https:\/\/bachmann-klauenpflege.ch\/wp-content\/uploads\/2025\/02\/Moritz-Bachmann-e1740671948142.jpg\",\"datePublished\":\"2025-04-24T16:47:27+00:00\",\"dateModified\":\"2025-04-24T19:15:57+00:00\",\"breadcrumb\":{\"@id\":\"https:\/\/bachmann-klauenpflege.ch\/?page_id=89#breadcrumb\"},\"inLanguage\":\"de\",\"potentialAction\":[{\"@type\":\"ReadAction\",\"target\":[\"https:\/\/bachmann-klauenpflege.ch\/?page_id=89\"]}]},{\"@type\":\"ImageObject\",\"inLanguage\":\"de\",\"@id\":\"https:\/\/bachmann-klauenpflege.ch\/?page_id=89#primaryimage\",\"url\":\"https:\/\/bachmann-klauenpflege.ch\/wp-content\/uploads\/2025\/02\/Moritz-Bachmann-e1740671948142.jpg\",\"contentUrl\":\"https:\/\/bachmann-klauenpflege.ch\/wp-content\/uploads\/2025\/02\/Moritz-Bachmann-e1740671948142.jpg\",\"width\":637,\"height\":746},{\"@type\":\"BreadcrumbList\",\"@id\":\"https:\/\/bachmann-klauenpflege.ch\/?page_id=89#breadcrumb\",\"itemListElement\":[{\"@type\":\"ListItem\",\"position\":1,\"name\":\"Startseite\",\"item\":\"https:\/\/bachmann-klauenpflege.ch\/\"},{\"@type\":\"ListItem\",\"position\":2,\"name\":\"\u00dcber mich\"}]},{\"@type\":\"WebSite\",\"@id\":\"https:\/\/bachmann-klauenpflege.ch\/#website\",\"url\":\"https:\/\/bachmann-klauenpflege.ch\/\",\"name\":\"Die funktionelle Klauenpflege\",\"description\":\"Moritz Bachmann\",\"publisher\":{\"@id\":\"https:\/\/bachmann-klauenpflege.ch\/#organization\"},\"potentialAction\":[{\"@type\":\"SearchAction\",\"target\":{\"@type\":\"EntryPoint\",\"urlTemplate\":\"https:\/\/bachmann-klauenpflege.ch\/?s={search_term_string}\"},\"query-input\":{\"@type\":\"PropertyValueSpecification\",\"valueRequired\":true,\"valueName\":\"search_term_string\"}}],\"inLanguage\":\"de\"},{\"@type\":\"Organization\",\"@id\":\"https:\/\/bachmann-klauenpflege.ch\/#organization\",\"name\":\"Die funktionelle Klauenpflege\",\"url\":\"https:\/\/bachmann-klauenpflege.ch\/\",\"logo\":{\"@type\":\"ImageObject\",\"inLanguage\":\"de\",\"@id\":\"https:\/\/bachmann-klauenpflege.ch\/#\/schema\/logo\/image\/\",\"url\":\"https:\/\/bachmann-klauenpflege.ch\/wp-content\/uploads\/2024\/12\/Visitenkarte_ohne-Titel_-Farbcode-CD9933-e1740333356342.jpg\",\"contentUrl\":\"https:\/\/bachmann-klauenpflege.ch\/wp-content\/uploads\/2024\/12\/Visitenkarte_ohne-Titel_-Farbcode-CD9933-e1740333356342.jpg\",\"width\":500,\"height\":211,\"caption\":\"Die funktionelle Klauenpflege\"},\"image\":{\"@id\":\"https:\/\/bachmann-klauenpflege.ch\/#\/schema\/logo\/image\/\"}}]}<\/script>\n<!-- \/ Yoast SEO plugin. -->","yoast_head_json":{"title":"\u00dcber mich - Die funktionelle Klauenpflege","robots":{"index":"index","follow":"follow","max-snippet":"max-snippet:-1","max-image-preview":"max-image-preview:large","max-video-preview":"max-video-preview:-1"},"canonical":"https:\/\/bachmann-klauenpflege.ch\/?page_id=89","og_locale":"de_DE","og_type":"article","og_title":"\u00dcber mich - Die funktionelle Klauenpflege","og_description":"Moritz Bachmann Die funktionelle Klauenpflege W\u00e4hrend 30 Jahren besorgte ich die Klauenpflege meiner K\u00fche selber. Da ich nun den Landwirtschaftsbetrieb in Malters seit 2 Jahren an meinen Sohn Dominik weitergegeben habe, ging ich teilweise einer Nebenbesch\u00e4ftigung nach. Ich hatte das Gl\u00fcck bei Fredy Habermacher als Unterhaltg\u00e4rtner mit zu helfen. Ich konnte viel lernen und Fredy [&hellip;]","og_url":"https:\/\/bachmann-klauenpflege.ch\/?page_id=89","og_site_name":"Die funktionelle Klauenpflege","article_modified_time":"2025-04-24T19:15:57+00:00","og_image":[{"width":637,"height":746,"url":"https:\/\/bachmann-klauenpflege.ch\/wp-content\/uploads\/2025\/02\/Moritz-Bachmann-e1740671948142.jpg","type":"image\/jpeg"}],"twitter_card":"summary_large_image","twitter_misc":{"Gesch\u00e4tzte Lesezeit":"2\u00a0Minuten"},"schema":{"@context":"https:\/\/schema.org","@graph":[{"@type":"WebPage","@id":"https:\/\/bachmann-klauenpflege.ch\/?page_id=89","url":"https:\/\/bachmann-klauenpflege.ch\/?page_id=89","name":"\u00dcber mich - Die funktionelle Klauenpflege","isPartOf":{"@id":"https:\/\/bachmann-klauenpflege.ch\/#website"},"primaryImageOfPage":{"@id":"https:\/\/bachmann-klauenpflege.ch\/?page_id=89#primaryimage"},"image":{"@id":"https:\/\/bachmann-klauenpflege.ch\/?page_id=89#primaryimage"},"thumbnailUrl":"https:\/\/bachmann-klauenpflege.ch\/wp-content\/uploads\/2025\/02\/Moritz-Bachmann-e1740671948142.jpg","datePublished":"2025-04-24T16:47:27+00:00","dateModified":"2025-04-24T19:15:57+00:00","breadcrumb":{"@id":"https:\/\/bachmann-klauenpflege.ch\/?page_id=89#breadcrumb"},"inLanguage":"de","potentialAction":[{"@type":"ReadAction","target":["https:\/\/bachmann-klauenpflege.ch\/?page_id=89"]}]},{"@type":"ImageObject","inLanguage":"de","@id":"https:\/\/bachmann-klauenpflege.ch\/?page_id=89#primaryimage","url":"https:\/\/bachmann-klauenpflege.ch\/wp-content\/uploads\/2025\/02\/Moritz-Bachmann-e1740671948142.jpg","contentUrl":"https:\/\/bachmann-klauenpflege.ch\/wp-content\/uploads\/2025\/02\/Moritz-Bachmann-e1740671948142.jpg","width":637,"height":746},{"@type":"BreadcrumbList","@id":"https:\/\/bachmann-klauenpflege.ch\/?page_id=89#breadcrumb","itemListElement":[{"@type":"ListItem","position":1,"name":"Startseite","item":"https:\/\/bachmann-klauenpflege.ch\/"},{"@type":"ListItem","position":2,"name":"\u00dcber mich"}]},{"@type":"WebSite","@id":"https:\/\/bachmann-klauenpflege.ch\/#website","url":"https:\/\/bachmann-klauenpflege.ch\/","name":"Die funktionelle Klauenpflege","description":"Moritz Bachmann","publisher":{"@id":"https:\/\/bachmann-klauenpflege.ch\/#organization"},"potentialAction":[{"@type":"SearchAction","target":{"@type":"EntryPoint","urlTemplate":"https:\/\/bachmann-klauenpflege.ch\/?s={search_term_string}"},"query-input":{"@type":"PropertyValueSpecification","valueRequired":true,"valueName":"search_term_string"}}],"inLanguage":"de"},{"@type":"Organization","@id":"https:\/\/bachmann-klauenpflege.ch\/#organization","name":"Die funktionelle Klauenpflege","url":"https:\/\/bachmann-klauenpflege.ch\/","logo":{"@type":"ImageObject","inLanguage":"de","@id":"https:\/\/bachmann-klauenpflege.ch\/#\/schema\/logo\/image\/","url":"https:\/\/bachmann-klauenpflege.ch\/wp-content\/uploads\/2024\/12\/Visitenkarte_ohne-Titel_-Farbcode-CD9933-e1740333356342.jpg","contentUrl":"https:\/\/bachmann-klauenpflege.ch\/wp-content\/uploads\/2024\/12\/Visitenkarte_ohne-Titel_-Farbcode-CD9933-e1740333356342.jpg","width":500,"height":211,"caption":"Die funktionelle Klauenpflege"},"image":{"@id":"https:\/\/bachmann-klauenpflege.ch\/#\/schema\/logo\/image\/"}}]}},"jetpack_sharing_enabled":true,"_links":{"self":[{"href":"https:\/\/bachmann-klauenpflege.ch\/index.php?rest_route=\/wp\/v2\/pages\/89","targetHints":{"allow":["GET"]}}],"collection":[{"href":"https:\/\/bachmann-klauenpflege.ch\/index.php?rest_route=\/wp\/v2\/pages"}],"about":[{"href":"https:\/\/bachmann-klauenpflege.ch\/index.php?rest_route=\/wp\/v2\/types\/page"}],"author":[{"embeddable":true,"href":"https:\/\/bachmann-klauenpflege.ch\/index.php?rest_route=\/wp\/v2\/users\/1"}],"replies":[{"embeddable":true,"href":"https:\/\/bachmann-klauenpflege.ch\/index.php?rest_route=%2Fwp%2Fv2%2Fcomments&post=89"}],"version-history":[{"count":42,"href":"https:\/\/bachmann-klauenpflege.ch\/index.php?rest_route=\/wp\/v2\/pages\/89\/revisions"}],"predecessor-version":[{"id":254,"href":"https:\/\/bachmann-klauenpflege.ch\/index.php?rest_route=\/wp\/v2\/pages\/89\/revisions\/254"}],"wp:attachment":[{"href":"https:\/\/bachmann-klauenpflege.ch\/index.php?rest_route=%2Fwp%2Fv2%2Fmedia&parent=89"}],"curies":[{"name":"wp","href":"https:\/\/api.w.org\/{rel}","templated":true}]}}